{"id":10,"date":"2025-02-15T09:44:00","date_gmt":"2025-02-15T08:44:00","guid":{"rendered":"http:\/\/fizjokrysa.pl\/?page_id=10"},"modified":"2025-02-15T15:37:45","modified_gmt":"2025-02-15T14:37:45","slug":"cennik","status":"publish","type":"page","link":"https:\/\/fizjokrysa.pl\/?page_id=10","title":{"rendered":"Cennik"},"content":{"rendered":"\n<div class=\"wp-block-columns is-layout-flex wp-container-core-columns-is-layout-9d6595d7 wp-block-columns-is-layout-flex\">\n<div class=\"wp-block-column is-layout-flow wp-block-column-is-layout-flow\"><\/div>\n\n\n\n<div class=\"wp-block-column is-layout-flow wp-block-column-is-layout-flow\"><\/div>\n\n\n\n<div class=\"wp-block-column is-layout-flow wp-block-column-is-layout-flow\"><\/div>\n<\/div>\n\n\n\n<table>\n  <tr>\n    <td>mobilizacja + masa\u017c klasyczny<\/td>\n    <td>60 min<\/td>\n    <td>150 z\u0142<\/td>\n  <\/tr>\n  <tr>\n    <td>masa\u017c klasyczny leczniczy<\/td>\n    <td>60\/90 min<\/td>\n    <td>150\/200 z\u0142<\/td>\n  <\/tr>\n <tr>\n    <td>masa\u017c klasyczny leczniczy x5<\/td>\n    <td>60 min<\/td>\n    <td>600 z\u0142<\/td>\n  <\/tr>\n <tr>\n    <td>masa\u017c klasyczny sportowy<\/td>\n    <td>60 min<\/td>\n    <td>150 z\u0142<\/td>\n  <\/tr>\n <tr>\n    <td>masa\u017c\/drena\u017c limfatyczny<\/td>\n    <td>60 min<\/td>\n    <td>150 z\u0142<\/td>\n  <\/tr>\n <tr>\n    <td>masa\u017c klasyczny relaksacyjny<\/td>\n    <td>60\/90 min<\/td>\n    <td>150\/200 z\u0142<\/td>\n  <\/tr>\n <tr>\n    <td>masa\u017c gor\u0105c\u0105 \u015bwiec\u0105<\/td>\n    <td>60\/90 min<\/td>\n    <td>180\/220 z\u0142<\/td>\n  <\/tr>\n <tr>\n    <td>masa\u017c gor\u0105cymi kamieniami<\/td>\n    <td>60\/90 min<\/td>\n    <td>180\/220 z\u0142<\/td>\n  <\/tr>\n <tr>\n    <td>masa\u017c klasyczny uj\u0119drniaj\u0105cy<\/td>\n    <td>60 min<\/td>\n    <td>150 z\u0142<\/td>\n  <\/tr>\n <tr>\n    <td>masa\u017c klasyczny uj\u0119drniaj\u0105cy x5<\/td>\n    <td>60 min<\/td>\n    <td>600 z\u0142<\/td>\n  <\/tr>\n <tr>\n    <td>sky massage (peeling + masa\u017c mas\u0142em do cia\u0142a)<\/td>\n    <td>90 min<\/td>\n    <td>250 z\u0142<\/td>\n  <\/tr>\n<\/table>\n\n\n\n\n\n<p><\/p>\n","protected":false},"excerpt":{"rendered":"<p>mobilizacja + masa\u017c klasyczny 60 min 150 z\u0142 masa\u017c klasyczny leczniczy 60\/90 min 150\/200 z\u0142 masa\u017c klasyczny leczniczy x5 60 min 600 z\u0142 masa\u017c klasyczny sportowy 60 min 150 z\u0142 masa\u017c\/drena\u017c limfatyczny 60 min 150 z\u0142 masa\u017c klasyczny relaksacyjny 60\/90 min 150\/200 z\u0142 masa\u017c gor\u0105c\u0105 \u015bwiec\u0105 60\/90 min 180\/220 z\u0142 masa\u017c gor\u0105cymi kamieniami 60\/90 min &hellip; <\/p>\n","protected":false},"author":1,"featured_media":0,"parent":0,"menu_order":3,"comment_status":"closed","ping_status":"closed","template":"","meta":{"footnotes":""},"class_list":["post-10","page","type-page","status-publish","hentry"],"_links":{"self":[{"href":"https:\/\/fizjokrysa.pl\/index.php?rest_route=\/wp\/v2\/pages\/10","targetHints":{"allow":["GET"]}}],"collection":[{"href":"https:\/\/fizjokrysa.pl\/index.php?rest_route=\/wp\/v2\/pages"}],"about":[{"href":"https:\/\/fizjokrysa.pl\/index.php?rest_route=\/wp\/v2\/types\/page"}],"author":[{"embeddable":true,"href":"https:\/\/fizjokrysa.pl\/index.php?rest_route=\/wp\/v2\/users\/1"}],"replies":[{"embeddable":true,"href":"https:\/\/fizjokrysa.pl\/index.php?rest_route=%2Fwp%2Fv2%2Fcomments&post=10"}],"version-history":[{"count":18,"href":"https:\/\/fizjokrysa.pl\/index.php?rest_route=\/wp\/v2\/pages\/10\/revisions"}],"predecessor-version":[{"id":59,"href":"https:\/\/fizjokrysa.pl\/index.php?rest_route=\/wp\/v2\/pages\/10\/revisions\/59"}],"wp:attachment":[{"href":"https:\/\/fizjokrysa.pl\/index.php?rest_route=%2Fwp%2Fv2%2Fmedia&parent=10"}],"curies":[{"name":"wp","href":"https:\/\/api.w.org\/{rel}","templated":true}]}}