{"id":12,"date":"2025-02-15T09:45:00","date_gmt":"2025-02-15T08:45:00","guid":{"rendered":"http:\/\/fizjokrysa.pl\/?page_id=12"},"modified":"2025-02-16T17:14:42","modified_gmt":"2025-02-16T16:14:42","slug":"o-nas","status":"publish","type":"page","link":"https:\/\/fizjokrysa.pl\/?page_id=12","title":{"rendered":"O nas"},"content":{"rendered":"\n<figure class=\"wp-block-image size-large is-resized\"><img decoding=\"async\" src=\"http:\/\/fizjokrysa.pl\/wp-content\/uploads\/2025\/02\/IMG_20241001_110528253_MFNR3-733x1024.jpg\" alt=\"\" class=\"wp-image-194\" style=\"width:400px\"\/><\/figure>\n\n\n\n<p>Nazywam si\u0119 Grzegorz Krysa, jestem fizjoterapeut\u0105 z kilkunastoletnim do\u015bwiadczeniem, specjalizuj\u0119 si\u0119 w pracy z pacjentami ortopedycznymi, z b\u00f3lami kr\u0119gos\u0142upa oraz masa\u017cu. Zapraszam do kontaktu.\n","protected":false},"excerpt":{"rendered":"<p>Nazywam si\u0119 Grzegorz Krysa, jestem fizjoterapeut\u0105 z kilkunastoletnim do\u015bwiadczeniem, specjalizuj\u0119 si\u0119 w pracy z pacjentami ortopedycznymi, z b\u00f3lami kr\u0119gos\u0142upa oraz masa\u017cu. Zapraszam do kontaktu.<\/p>\n","protected":false},"author":1,"featured_media":0,"parent":0,"menu_order":4,"comment_status":"closed","ping_status":"closed","template":"","meta":{"footnotes":""},"class_list":["post-12","page","type-page","status-publish","hentry"],"_links":{"self":[{"href":"https:\/\/fizjokrysa.pl\/index.php?rest_route=\/wp\/v2\/pages\/12","targetHints":{"allow":["GET"]}}],"collection":[{"href":"https:\/\/fizjokrysa.pl\/index.php?rest_route=\/wp\/v2\/pages"}],"about":[{"href":"https:\/\/fizjokrysa.pl\/index.php?rest_route=\/wp\/v2\/types\/page"}],"author":[{"embeddable":true,"href":"https:\/\/fizjokrysa.pl\/index.php?rest_route=\/wp\/v2\/users\/1"}],"replies":[{"embeddable":true,"href":"https:\/\/fizjokrysa.pl\/index.php?rest_route=%2Fwp%2Fv2%2Fcomments&post=12"}],"version-history":[{"count":16,"href":"https:\/\/fizjokrysa.pl\/index.php?rest_route=\/wp\/v2\/pages\/12\/revisions"}],"predecessor-version":[{"id":273,"href":"https:\/\/fizjokrysa.pl\/index.php?rest_route=\/wp\/v2\/pages\/12\/revisions\/273"}],"wp:attachment":[{"href":"https:\/\/fizjokrysa.pl\/index.php?rest_route=%2Fwp%2Fv2%2Fmedia&parent=12"}],"curies":[{"name":"wp","href":"https:\/\/api.w.org\/{rel}","templated":true}]}}